{"id":18,"date":"2025-11-21T09:38:12","date_gmt":"2025-11-21T12:38:12","guid":{"rendered":"https:\/\/techsmundo.com.br\/?page_id=18"},"modified":"2025-12-19T09:24:56","modified_gmt":"2025-12-19T12:24:56","slug":"contato","status":"publish","type":"page","link":"https:\/\/techsmundo.com.br\/?page_id=18","title":{"rendered":"Contato"},"content":{"rendered":"\n<h1 class=\"wp-block-heading\">Contato<\/h1>\n\n\n\n<p>Quer falar com a equipe do <strong>TechsMundo<\/strong>? Utilize o formul\u00e1rio abaixo para enviar sua mensagem. Em breve responderemos assim que poss\u00edvel.<\/p>\n\n\n\n<p>Este canal \u00e9 ideal para:<\/p>\n\n\n\n<ul class=\"wp-block-list\">\n<li>D\u00favidas sobre conte\u00fados publicados<\/li>\n\n\n\n<li>Sugest\u00f5es de pautas<\/li>\n\n\n\n<li>Parcerias<\/li>\n\n\n\n<li>Feedbacks e corre\u00e7\u00f5es<\/li>\n<\/ul>\n\n\n\n<hr class=\"wp-block-separator has-alpha-channel-opacity\"\/>\n\n\n\n<h2 class=\"wp-block-heading\">\ud83d\udce9 Envie sua mensagem<\/h2>\n\n\n\n<p>Nome<\/p>\n\n\n\n<p>E-mail <\/p>\n\n\n\n<p>Mensagem<\/p>\n\n\n\n<p>Enviar mensagem<\/p>\n\n\n\n<hr class=\"wp-block-separator has-alpha-channel-opacity\"\/>\n\n\n\n<h2 class=\"wp-block-heading\">\ud83d\udd12 Privacidade<\/h2>\n\n\n\n<p>As informa\u00e7\u00f5es enviadas neste formul\u00e1rio s\u00e3o utilizadas <strong>exclusivamente para contato<\/strong> e n\u00e3o s\u00e3o compartilhadas com terceiros.<\/p>\n\n\n\n<hr class=\"wp-block-separator has-alpha-channel-opacity\"\/>\n\n\n\n<h3 class=\"wp-block-heading\">\ud83d\ude80 Em breve<\/h3>\n\n\n\n<p>Novos canais de contato ser\u00e3o adicionados conforme o TechsMundo evolui.<\/p>\n\n\n\n<p>Agradecemos seu interesse e sua visita.<\/p>\n\n\n\n<p><strong>TechsMundo<\/strong><br>Tecnologia explicada. Informa\u00e7\u00e3o que faz sentido.<\/p>\n\n\n\n<p>Esta \u00e9 uma p\u00e1gina com algumas informa\u00e7\u00f5es b\u00e1sicas de contato, como um endere\u00e7o e n\u00famero de telefone. Voc\u00ea tamb\u00e9m pode experimentar usar um plugin para adicionar um formul\u00e1rio de contato.<\/p>\n","protected":false},"excerpt":{"rendered":"<p>Contato Quer falar com a equipe do TechsMundo? Utilize o formul\u00e1rio abaixo para enviar sua mensagem. Em breve responderemos assim que poss\u00edvel. Este canal \u00e9 ideal para: \ud83d\udce9 Envie sua mensagem Nome E-mail Mensagem Enviar mensagem \ud83d\udd12 Privacidade As informa\u00e7\u00f5es enviadas neste formul\u00e1rio s\u00e3o utilizadas exclusivamente para contato e n\u00e3o s\u00e3o compartilhadas com terceiros. \ud83d\ude80 [&hellip;]<\/p>\n","protected":false},"author":1,"featured_media":0,"parent":0,"menu_order":0,"comment_status":"closed","ping_status":"closed","template":"","meta":{"footnotes":""},"class_list":["post-18","page","type-page","status-publish","hentry"],"_links":{"self":[{"href":"https:\/\/techsmundo.com.br\/index.php?rest_route=\/wp\/v2\/pages\/18","targetHints":{"allow":["GET"]}}],"collection":[{"href":"https:\/\/techsmundo.com.br\/index.php?rest_route=\/wp\/v2\/pages"}],"about":[{"href":"https:\/\/techsmundo.com.br\/index.php?rest_route=\/wp\/v2\/types\/page"}],"author":[{"embeddable":true,"href":"https:\/\/techsmundo.com.br\/index.php?rest_route=\/wp\/v2\/users\/1"}],"replies":[{"embeddable":true,"href":"https:\/\/techsmundo.com.br\/index.php?rest_route=%2Fwp%2Fv2%2Fcomments&post=18"}],"version-history":[{"count":2,"href":"https:\/\/techsmundo.com.br\/index.php?rest_route=\/wp\/v2\/pages\/18\/revisions"}],"predecessor-version":[{"id":150,"href":"https:\/\/techsmundo.com.br\/index.php?rest_route=\/wp\/v2\/pages\/18\/revisions\/150"}],"wp:attachment":[{"href":"https:\/\/techsmundo.com.br\/index.php?rest_route=%2Fwp%2Fv2%2Fmedia&parent=18"}],"curies":[{"name":"wp","href":"https:\/\/api.w.org\/{rel}","templated":true}]}}